{"id":53,"date":"2018-11-17T15:41:47","date_gmt":"2018-11-17T15:41:47","guid":{"rendered":"http:\/\/tactical-target.nsupdate.info\/?page_id=53"},"modified":"2025-12-11T14:03:00","modified_gmt":"2025-12-11T14:03:00","slug":"home","status":"publish","type":"page","link":"https:\/\/tactical-target.ee\/","title":{"rendered":"Tactical Target?"},"content":{"rendered":"<p>Tactical Target on laskmissport \u00f5hkrelvadest kaliibriga .177. See ala v\u00f5imaldab tegeleda laskespordiga k\u00f5ikidel \u00f5hup\u00fcssi v\u00f5i \u00f5hup\u00fcstoli omanikel. Saab veeta m\u00f5nusalt vaba aega v\u00e4rskes \u00f5hus koos meeldivate inimestega. Vestelda relvade, ballistika ja miks mitte muudel vabalt valitud huvitavatel teemadel.<\/p>\n<p>Tactical Targeti laskmiseks sobib igasugune \u00f5hkrelv. Ka k\u00f5ige tavalisema murtava ja rauast sihikutega \u00f5hup\u00fcssiga saab eelnevalt harjutades l\u00e4hemal asuvatele m\u00e4rkidele pihta. S\u00fc\u00fces kasvab isu ja nii selgubki rajal, et tabamaks v\u00e4iksemaid ja kaugemal asetsevaid m\u00e4rke, on vaja relvale optlist sihikut \ud83d\ude42<\/p>\nngg_shortcode_0_placeholder\n<p style=\"text-align: center;\">&nbsp;<\/p>\n","protected":false},"excerpt":{"rendered":"<p>Tactical Target on laskmissport \u00f5hkrelvadest kaliibriga .177. See ala v\u00f5imaldab tegeleda laskespordiga k\u00f5ikidel \u00f5hup\u00fcssi v\u00f5i \u00f5hup\u00fcstoli omanikel. Saab veeta m\u00f5nusalt vaba aega v\u00e4rskes \u00f5hus koos meeldivate inimestega. Vestelda relvade, ballistika ja miks mitte muudel vabalt valitud huvitavatel teemadel. Tactical Targeti laskmiseks sobib igasugune \u00f5hkrelv. Ka k\u00f5ige tavalisema murtava ja rauast sihikutega \u00f5hup\u00fcssiga saab eelnevalt harjutades &hellip; <a href=\"https:\/\/tactical-target.ee\/\" class=\"more-link\">Continue reading<span class=\"screen-reader-text\"> &#8220;Tactical Target?&#8221;<\/span><\/a><\/p>\n","protected":false},"author":1,"featured_media":0,"parent":0,"menu_order":0,"comment_status":"closed","ping_status":"closed","template":"","meta":{"ngg_post_thumbnail":0,"footnotes":""},"class_list":["post-53","page","type-page","status-publish","hentry"],"_links":{"self":[{"href":"https:\/\/tactical-target.ee\/index.php?rest_route=\/wp\/v2\/pages\/53","targetHints":{"allow":["GET"]}}],"collection":[{"href":"https:\/\/tactical-target.ee\/index.php?rest_route=\/wp\/v2\/pages"}],"about":[{"href":"https:\/\/tactical-target.ee\/index.php?rest_route=\/wp\/v2\/types\/page"}],"author":[{"embeddable":true,"href":"https:\/\/tactical-target.ee\/index.php?rest_route=\/wp\/v2\/users\/1"}],"replies":[{"embeddable":true,"href":"https:\/\/tactical-target.ee\/index.php?rest_route=%2Fwp%2Fv2%2Fcomments&post=53"}],"version-history":[{"count":17,"href":"https:\/\/tactical-target.ee\/index.php?rest_route=\/wp\/v2\/pages\/53\/revisions"}],"predecessor-version":[{"id":2199,"href":"https:\/\/tactical-target.ee\/index.php?rest_route=\/wp\/v2\/pages\/53\/revisions\/2199"}],"wp:attachment":[{"href":"https:\/\/tactical-target.ee\/index.php?rest_route=%2Fwp%2Fv2%2Fmedia&parent=53"}],"curies":[{"name":"wp","href":"https:\/\/api.w.org\/{rel}","templated":true}]}}