{"id":438,"date":"2018-11-22T12:01:18","date_gmt":"2018-11-22T12:01:18","guid":{"rendered":"http:\/\/tactical-target.nsupdate.info\/?page_id=438"},"modified":"2025-04-21T16:27:12","modified_gmt":"2025-04-21T16:27:12","slug":"kokkusaamised","status":"publish","type":"page","link":"https:\/\/tactical-target.ee\/?page_id=438","title":{"rendered":"S\u00fcndmused"},"content":{"rendered":"<h5>Tactical Dag\u00f6 saarel. 1. osa<\/h5>\n<p>Suur v\u00f5istlusinventari kolimine sai teoks juba 2024. aasta s\u00fcgisel. \u00d5nneks oli olemas koht kuhu kogu meie kola \u00e4ra mahtus. Olemas oli ka uus grillimaja, mis laeni t\u00e4is lauamaterjali. Otsustasime, et kevadisel koolivaheajal alustame ehitust\u00f6\u00f6dega.<\/p>\n<div class=\"html-div xdj266r x11i5rnm xat24cr x1mh8g0r xexx8yu x4uap5 x18d9i69 xkhd6sd\" dir=\"auto\">\n<div class=\"html-div xdj266r x11i5rnm xat24cr x1mh8g0r xexx8yu x4uap5 x18d9i69 xkhd6sd\" data-ad-rendering-role=\"story_message\">\n<div id=\"\u00abr9t8\u00bb\" class=\"x1l90r2v x1iorvi4 x1ye3gou xn6708d\" data-ad-comet-preview=\"message\" data-ad-preview=\"message\">\n<div class=\"x78zum5 xdt5ytf xz62fqu x16ldp7u\">\n<div class=\"xu06os2 x1ok221b\">\n<div class=\"x11i5rnm xat24cr x1mh8g0r x1vvkbs xtlvy1s x126k92a\">\n<div dir=\"auto\"><img loading=\"lazy\" decoding=\"async\" class=\"alignnone wp-image-2157 size-large\" src=\"https:\/\/tactical-target.ee\/wp-content\/uploads\/2025\/04\/20240921_160746-1024x576.jpg\" alt=\"\" width=\"840\" height=\"473\" srcset=\"https:\/\/tactical-target.ee\/wp-content\/uploads\/2025\/04\/20240921_160746-1024x576.jpg 1024w, https:\/\/tactical-target.ee\/wp-content\/uploads\/2025\/04\/20240921_160746-300x169.jpg 300w, https:\/\/tactical-target.ee\/wp-content\/uploads\/2025\/04\/20240921_160746-768x432.jpg 768w, https:\/\/tactical-target.ee\/wp-content\/uploads\/2025\/04\/20240921_160746-1536x864.jpg 1536w, https:\/\/tactical-target.ee\/wp-content\/uploads\/2025\/04\/20240921_160746-2048x1152.jpg 2048w, https:\/\/tactical-target.ee\/wp-content\/uploads\/2025\/04\/20240921_160746-1200x675.jpg 1200w\" sizes=\"auto, (max-width: 709px) 85vw, (max-width: 909px) 67vw, (max-width: 1362px) 62vw, 840px\" \/><\/div>\n<div dir=\"auto\">&nbsp;<\/div>\n<div dir=\"auto\">Tactical on uuesti s\u00fcndinud, jah ta on uuesti s\u00fcndinud Dag\u00f6 saarel <span class=\"html-span xexx8yu x4uap5 x18d9i69 xkhd6sd x1hl2dhg x16tdsg8 x1vvkbs x3nfvp2 x1j61x8r x1fcty0u xdj266r xat24cr xgzva0m xhhsvwb xxymvpz xlup9mm x1kky2od\"><img loading=\"lazy\" decoding=\"async\" class=\"xz74otr x168nmei x13lgxp2 x5pf9jr xo71vjh\" src=\"https:\/\/static.xx.fbcdn.net\/images\/emoji.php\/v9\/t4c\/1\/16\/1f642.png\" alt=\"\ud83d\ude42\" width=\"16\" height=\"16\"><\/span><\/div>\n<div dir=\"auto\">Vaikne n\u00e4dal ei olnud rahulik ja m\u00f5tlik. Vastupidi, action algas Suurel Neljap\u00e4eval, kui saabusid lugupeetud relvavennad kella k\u00fcmnese praamiga. T\u00f5nis, Meelis, Mattias, Lauri ja Johan Robin olid kenasti puhanud ja pakatasid toorest j\u00f5ust <span class=\"html-span xexx8yu x4uap5 x18d9i69 xkhd6sd x1hl2dhg x16tdsg8 x1vvkbs x3nfvp2 x1j61x8r x1fcty0u xdj266r xat24cr xgzva0m xhhsvwb xxymvpz xlup9mm x1kky2od\"><img loading=\"lazy\" decoding=\"async\" class=\"xz74otr x168nmei x13lgxp2 x5pf9jr xo71vjh\" src=\"https:\/\/static.xx.fbcdn.net\/images\/emoji.php\/v9\/t4c\/1\/16\/1f642.png\" alt=\"\ud83d\ude42\" width=\"16\" height=\"16\"><\/span><\/div>\n<\/div>\n<div class=\"x11i5rnm xat24cr x1mh8g0r x1vvkbs xtlvy1s x126k92a\">\n<div dir=\"auto\">Vastuv\u00f5tt lipu ja akordioniga, gurmee suupisted ning t\u00f6\u00f6 v\u00f5is alata. Esimene v\u00e4ljakutse oli puulao t\u00fchjendamine ning sellele j\u00e4rgnev p\u00f5randaehitus ja \u00fclej\u00e4\u00e4nud lauamaterjali ladustamine uude kohta. \u00d5nneks oli mul piisavalt nutikust saata kaks allergikut tolmusele p\u00f6\u00f6ningule laudu ladustama <span class=\"html-span xexx8yu x4uap5 x18d9i69 xkhd6sd x1hl2dhg x16tdsg8 x1vvkbs x3nfvp2 x1j61x8r x1fcty0u xdj266r xat24cr xgzva0m xhhsvwb xxymvpz xlup9mm x1kky2od\"><img loading=\"lazy\" decoding=\"async\" class=\"xz74otr x168nmei x13lgxp2 x5pf9jr xo71vjh\" src=\"https:\/\/static.xx.fbcdn.net\/images\/emoji.php\/v9\/t4c\/1\/16\/1f642.png\" alt=\"\ud83d\ude42\" width=\"16\" height=\"16\"><\/span> Tagaj\u00e4rjed tulid hiljem &#8230;<\/div>\n<\/div>\n<div class=\"x11i5rnm xat24cr x1mh8g0r x1vvkbs xtlvy1s x126k92a\">\n<div dir=\"auto\">Firma Kohl &amp; Pojad tegi 24 tunniga uue p\u00f5randa! Nende tundide sisse j\u00e4i ka saunask\u00e4ik ning \u00f6\u00f6uni <span class=\"html-span xexx8yu x4uap5 x18d9i69 xkhd6sd x1hl2dhg x16tdsg8 x1vvkbs x3nfvp2 x1j61x8r x1fcty0u xdj266r xat24cr xgzva0m xhhsvwb xxymvpz xlup9mm x1kky2od\"><img loading=\"lazy\" decoding=\"async\" class=\"xz74otr x168nmei x13lgxp2 x5pf9jr xo71vjh\" src=\"https:\/\/static.xx.fbcdn.net\/images\/emoji.php\/v9\/t4c\/1\/16\/1f642.png\" alt=\"\ud83d\ude42\" width=\"16\" height=\"16\"><\/span> Tisler T\u00f5nise juhendamisel valmis Tactical Lounge 3500 mm pikkune s\u00f6\u00f6gilaud.<\/div>\n<\/div>\n<div class=\"x11i5rnm xat24cr x1mh8g0r x1vvkbs xtlvy1s x126k92a\">\n<div dir=\"auto\">Jane organiseeris noorte nuti\u00e4ssade aega nii, et n\u00e4gupidi telefonis said nad istuda hilis\u00f5htul <span class=\"html-span xexx8yu x4uap5 x18d9i69 xkhd6sd x1hl2dhg x16tdsg8 x1vvkbs x3nfvp2 x1j61x8r x1fcty0u xdj266r xat24cr xgzva0m xhhsvwb xxymvpz xlup9mm x1kky2od\"><img loading=\"lazy\" decoding=\"async\" class=\"xz74otr x168nmei x13lgxp2 x5pf9jr xo71vjh\" src=\"https:\/\/static.xx.fbcdn.net\/images\/emoji.php\/v9\/t4c\/1\/16\/1f642.png\" alt=\"\ud83d\ude42\" width=\"16\" height=\"16\"><\/span> Nutivennad olid uskumatult tublid ja tassisid kokku 12 m\u00b3 kraami, mis k\u00f5ik pr\u00fcgim\u00e4ele m\u00e4\u00e4ratud.<\/div>\n<\/div>\n<div class=\"x11i5rnm xat24cr x1mh8g0r x1vvkbs xtlvy1s x126k92a\">\n<div dir=\"auto\">J\u00e4rgmine suur projekt oli Presidendi peldiku ehitus t\u00fchjale kohale <span class=\"html-span xexx8yu x4uap5 x18d9i69 xkhd6sd x1hl2dhg x16tdsg8 x1vvkbs x3nfvp2 x1j61x8r x1fcty0u xdj266r xat24cr xgzva0m xhhsvwb xxymvpz xlup9mm x1kky2od\"><img loading=\"lazy\" decoding=\"async\" class=\"xz74otr x168nmei x13lgxp2 x5pf9jr xo71vjh\" src=\"https:\/\/static.xx.fbcdn.net\/images\/emoji.php\/v9\/t4c\/1\/16\/1f642.png\" alt=\"\ud83d\ude42\" width=\"16\" height=\"16\"><\/span> Tegelikult oli koht muidugi igasugu kraami t\u00e4is ning preventatiivselt tuli sellest jamast vabaneda. Igatahes ootas meid ees \u00fcllatus, kui avanes vaade betoonp\u00f5randale! See kiirendas tunduvalt peldikuprojekti valmimist.<\/div>\n<\/div>\n<div class=\"x11i5rnm xat24cr x1mh8g0r x1vvkbs xtlvy1s x126k92a\">\n<div dir=\"auto\">Samal ajal, kui valmis Gustavsbergi standardile vastav istumisalus, m\u00e4rkisid Lauri ja Jane metsa FT radasid. Nende hilisemal inspekteerimisel selgus muidugi, et liiga palju m\u00e4rke on kaugemal kui 25 meetrit ja see ei tekita erilist isu v\u00f5istelda <span class=\"html-span xexx8yu x4uap5 x18d9i69 xkhd6sd x1hl2dhg x16tdsg8 x1vvkbs x3nfvp2 x1j61x8r x1fcty0u xdj266r xat24cr xgzva0m xhhsvwb xxymvpz xlup9mm x1kky2od\"><img loading=\"lazy\" decoding=\"async\" class=\"xz74otr x168nmei x13lgxp2 x5pf9jr xo71vjh\" src=\"https:\/\/static.xx.fbcdn.net\/images\/emoji.php\/v9\/t4c\/1\/16\/1f642.png\" alt=\"\ud83d\ude42\" width=\"16\" height=\"16\"><\/span> Samuti oleks vaja midagi teha tuulega, sest Veski talu on liiga tuulisele kohale rajatud! Kuramuse esivanemad!<\/div>\n<div dir=\"auto\">Vaikse laup\u00e4eva veetis Karl Erik koos vanaonu Agoga garaa\u017eis. Pika p\u00e4evaga \u00e4ratasid nad ellu 1975. aastal tehasest tulnud Riga 7 v\u00f5rri. Vaikne see ajalooline s\u00e4\u00e4rev\u00e4ristaja muidugi ei olnud, aga mootor k\u00e4ivitus sama harva, nagu minu lapsep\u00f5lves \ud83d\ude42 P\u00e4rastl\u00f5unal asusid Riga projektile appi ka insener T\u00f5nis ja autospetsialist Meelis. <em>E Pluribus Unum<\/em> ning see mopeed s\u00f5itis!<\/div>\n<\/div>\n<div class=\"x11i5rnm xat24cr x1mh8g0r x1vvkbs xtlvy1s x126k92a\">\n<div dir=\"auto\">Laup\u00e4eva \u00f5htuks olid k\u00f5ik plaanilised t\u00f6\u00f6d l\u00f5petatud. Allergikud enam h\u00e4sti hingata ei saanud, \u00f5nneks oli neil pisut medikamente kaasas ja laudade ladustamine ei l\u00f5ppenud fataalselt.<\/div>\n<\/div>\n<div class=\"x11i5rnm xat24cr x1mh8g0r x1vvkbs xtlvy1s x126k92a\">\n<div dir=\"auto\">Saime v\u00f5tta p\u00fcssid ja tegime m\u00f5ned pidulikud avapaugud uues kohas <span class=\"html-span xexx8yu x4uap5 x18d9i69 xkhd6sd x1hl2dhg x16tdsg8 x1vvkbs x3nfvp2 x1j61x8r x1fcty0u xdj266r xat24cr xgzva0m xhhsvwb xxymvpz xlup9mm x1kky2od\"><img loading=\"lazy\" decoding=\"async\" class=\"xz74otr x168nmei x13lgxp2 x5pf9jr xo71vjh\" src=\"https:\/\/static.xx.fbcdn.net\/images\/emoji.php\/v9\/t4c\/1\/16\/1f642.png\" alt=\"\ud83d\ude42\" width=\"16\" height=\"16\"><\/span><\/div>\n<\/div>\n<div class=\"x11i5rnm xat24cr x1mh8g0r x1vvkbs xtlvy1s x126k92a\">\n<div dir=\"auto\">Suur t\u00e4nu k\u00f5igile!<\/div>\n<div dir=\"auto\"><a href=\"https:\/\/tactical-target.ee\/?page_id=2190\" target=\"_blank\" rel=\"noopener\">Pildid t\u00f6\u00f6dest ja tegemistest on siin.<\/a><\/div>\n<\/div>\n<\/div>\n<\/div>\n<\/div>\n<\/div>\n<\/div>\n<h5>\u00d5hkrelva k\u00e4itlemise ja ohutustehnika koolitus<\/h5>\n<p><img loading=\"lazy\" decoding=\"async\" class=\"aligncenter wp-image-2026 size-large\" src=\"https:\/\/tactical-target.ee\/wp-content\/uploads\/2023\/09\/20230927_193428a-1024x576.jpg\" alt=\"\" width=\"840\" height=\"473\" srcset=\"https:\/\/tactical-target.ee\/wp-content\/uploads\/2023\/09\/20230927_193428a-1024x576.jpg 1024w, https:\/\/tactical-target.ee\/wp-content\/uploads\/2023\/09\/20230927_193428a-300x169.jpg 300w, https:\/\/tactical-target.ee\/wp-content\/uploads\/2023\/09\/20230927_193428a-768x432.jpg 768w, https:\/\/tactical-target.ee\/wp-content\/uploads\/2023\/09\/20230927_193428a-1536x864.jpg 1536w, https:\/\/tactical-target.ee\/wp-content\/uploads\/2023\/09\/20230927_193428a-1200x675.jpg 1200w, https:\/\/tactical-target.ee\/wp-content\/uploads\/2023\/09\/20230927_193428a.jpg 1890w\" sizes=\"auto, (max-width: 709px) 85vw, (max-width: 909px) 67vw, (max-width: 1362px) 62vw, 840px\" \/><\/p>\n<p>Kordamine on tarkuse ema! S\u00fcgisel alustavad noored j\u00e4lle kooliteed ja ega pisut vanematelgi kodanikel pole paha olemasolevaid teadmisi v\u00e4rskendada ning omandada ka uusi. Tegime \u00f5hkrelva k\u00e4itlemise ja ohutustehnika koolituse esimesel kohtumisel tiirus. K\u00f5ik oleme seda juttu enne iga v\u00f5istlust kohtunikult kuulnud, kuid korraks uuesti s\u00fcveneda ei tee paha \ud83d\ude42 Seekord viis koolituse l\u00e4bi Ott, kellel antud teemaga Eesti Merev\u00e4est rohkem kogemusi. K\u00e4isime punkt punktilt l\u00e4bi turvan\u00f5uded, et kus tuleb hoida nimetiss\u00f5rme, kuhu suunda relvaraud suunata ja kuidas relva k\u00e4idelda. Peale koolituse l\u00e4bimist said k\u00f5ik laskurid vastava sertifikaadi, mida edaspidi relvakotis hoida.<\/p>\n<h5>Ballistikakoolitus vol 2<\/h5>\n<p><img loading=\"lazy\" decoding=\"async\" class=\"alignnone wp-image-1327 size-full\" src=\"https:\/\/tactical-target.ee\/wp-content\/uploads\/2020\/10\/syngesygis_101720_06.jpg\" alt=\"\" width=\"1920\" height=\"1080\" srcset=\"https:\/\/tactical-target.ee\/wp-content\/uploads\/2020\/10\/syngesygis_101720_06.jpg 1920w, https:\/\/tactical-target.ee\/wp-content\/uploads\/2020\/10\/syngesygis_101720_06-300x169.jpg 300w, https:\/\/tactical-target.ee\/wp-content\/uploads\/2020\/10\/syngesygis_101720_06-1024x576.jpg 1024w, https:\/\/tactical-target.ee\/wp-content\/uploads\/2020\/10\/syngesygis_101720_06-768x432.jpg 768w, https:\/\/tactical-target.ee\/wp-content\/uploads\/2020\/10\/syngesygis_101720_06-1536x864.jpg 1536w, https:\/\/tactical-target.ee\/wp-content\/uploads\/2020\/10\/syngesygis_101720_06-1200x675.jpg 1200w\" sizes=\"auto, (max-width: 709px) 85vw, (max-width: 909px) 67vw, (max-width: 1362px) 62vw, 840px\" \/><\/p>\n<p>Klubi uutele noorliikmetele tegime ballistikakoolituse oktoobri karges metsas. Osalemas olid ka vanad tegijad, sest nemad saavad n\u00fc\u00fcd juba aru, millest me T\u00f5nisega r\u00e4\u00e4gime \ud83d\ude42 Mis toimub pildil ja mida lastakse? Pika p\u00e4eva jooksul r\u00e4\u00e4kisime sellest, mis on p\u00fcss ja kuidas diabool lendab \ud83d\ude42 Tegelikult r\u00e4\u00e4kisime veel sajast asjast, alustades turvalisest relvak\u00e4itlemisest ja l\u00f5petades ballistilisel teemadel. N\u00e4itasime, kui ohtlik on p\u00e4ris tavaline \u00f5hup\u00fcss ja millist kahju v\u00f5ib see teha.&nbsp;<\/p>\n<h5>PPI48 Full Metal V1<\/h5>\n<p><img loading=\"lazy\" decoding=\"async\" class=\"alignnone wp-image-823 size-full\" src=\"https:\/\/tactical-target.ee\/wp-content\/uploads\/2019\/11\/48PPI_fullmetal_04.jpg\" alt=\"\" width=\"886\" height=\"591\" srcset=\"https:\/\/tactical-target.ee\/wp-content\/uploads\/2019\/11\/48PPI_fullmetal_04.jpg 886w, https:\/\/tactical-target.ee\/wp-content\/uploads\/2019\/11\/48PPI_fullmetal_04-300x200.jpg 300w, https:\/\/tactical-target.ee\/wp-content\/uploads\/2019\/11\/48PPI_fullmetal_04-768x512.jpg 768w\" sizes=\"auto, (max-width: 709px) 85vw, (max-width: 909px) 67vw, (max-width: 1362px) 62vw, 840px\" \/><\/p>\n<p>S\u00e4\u00e4stame loodust \ud83d\ude42 Ennek\u00f5ike paberit, sest paberit tehakse puudest \ud83d\ude42 Ok, me ei ole lolliks l\u00e4inud. Eile saime tiirus esimest korda testida PPI48 metallist versiooni, T\u00f5nise insenerit\u00f6\u00f6 sai 3D failist reaalsuseks. Ehk siis, versiooni, kus m\u00e4rgi tabamisel see ka kukub. J\u00e4\u00e4vad \u00e4ra k\u00f5ik kahtlused ja k\u00f5hklused teemal, et peaaegu on tabamus ringis, aga vist ei loe, sest ringjoon on katki. Ps\u00fcholoogiliselt on selliseid m\u00e4rke lihtsam lasta. Kui l\u00e4heb m\u00f6\u00f6da, siis l\u00e4heb m\u00f6\u00f6da ning kui tabad, siis seda on kuulda ja n\u00e4ha. Esmamulje uuest m\u00e4rgist on v\u00e4ga positiivne. Raske nagu kurat, aga T\u00f5nis jaksab t\u00f5sta, ka seinale \ud83d\ude42 2 tundi turmtuld ja PPI48 FullMetal V1 protot\u00fc\u00fcp oli endiselt t\u00f6\u00f6korras!<\/p>\nngg_shortcode_0_placeholder\n<h5>Ballistika koolitus<\/h5>\n<p><img loading=\"lazy\" decoding=\"async\" class=\"alignnone wp-image-1515 size-full\" src=\"https:\/\/tactical-target.ee\/wp-content\/uploads\/2021\/05\/ballistika_150918.jpg\" alt=\"\" width=\"1890\" height=\"1063\" srcset=\"https:\/\/tactical-target.ee\/wp-content\/uploads\/2021\/05\/ballistika_150918.jpg 1890w, https:\/\/tactical-target.ee\/wp-content\/uploads\/2021\/05\/ballistika_150918-300x169.jpg 300w, https:\/\/tactical-target.ee\/wp-content\/uploads\/2021\/05\/ballistika_150918-1024x576.jpg 1024w, https:\/\/tactical-target.ee\/wp-content\/uploads\/2021\/05\/ballistika_150918-768x432.jpg 768w, https:\/\/tactical-target.ee\/wp-content\/uploads\/2021\/05\/ballistika_150918-1536x864.jpg 1536w, https:\/\/tactical-target.ee\/wp-content\/uploads\/2021\/05\/ballistika_150918-1200x675.jpg 1200w\" sizes=\"auto, (max-width: 709px) 85vw, (max-width: 909px) 67vw, (max-width: 1362px) 62vw, 840px\" \/><\/p>\n<p>15. septembril 2018 toimus \u201eBallistika koolitus\u201d. Koolitusest v\u00f5tsid osa k\u00f5ik TT laskurid. T\u00f5nise <em>ca<\/em> kahetunnine loeng sisaldas vajalikku infot, et ikka paremini \u00f5ppida tundma oma relva ja selle laskeomadusi. Oma kogemusi Field Targeti laskespordist jagas ka meie k\u00fclaline Heli Jalakas. Peale teooriat sai omandatud teadmisi Zero Range rajal kohe proovida. Valik pilte toredast laup\u00e4evast \ud83d\ude42<\/p>\nngg_shortcode_1_placeholder\n","protected":false},"excerpt":{"rendered":"<p>Tactical Dag\u00f6 saarel. 1. osa Suur v\u00f5istlusinventari kolimine sai teoks juba 2024. aasta s\u00fcgisel. \u00d5nneks oli olemas koht kuhu kogu meie kola \u00e4ra mahtus. Olemas oli ka uus grillimaja, mis laeni t\u00e4is lauamaterjali. Otsustasime, et kevadisel koolivaheajal alustame ehitust\u00f6\u00f6dega. &nbsp; Tactical on uuesti s\u00fcndinud, jah ta on uuesti s\u00fcndinud Dag\u00f6 saarel Vaikne n\u00e4dal ei olnud &hellip; <a href=\"https:\/\/tactical-target.ee\/?page_id=438\" class=\"more-link\">Continue reading<span class=\"screen-reader-text\"> &#8220;S\u00fcndmused&#8221;<\/span><\/a><\/p>\n","protected":false},"author":1,"featured_media":0,"parent":325,"menu_order":0,"comment_status":"closed","ping_status":"closed","template":"","meta":{"ngg_post_thumbnail":0,"footnotes":""},"class_list":["post-438","page","type-page","status-publish","hentry"],"_links":{"self":[{"href":"https:\/\/tactical-target.ee\/index.php?rest_route=\/wp\/v2\/pages\/438","targetHints":{"allow":["GET"]}}],"collection":[{"href":"https:\/\/tactical-target.ee\/index.php?rest_route=\/wp\/v2\/pages"}],"about":[{"href":"https:\/\/tactical-target.ee\/index.php?rest_route=\/wp\/v2\/types\/page"}],"author":[{"embeddable":true,"href":"https:\/\/tactical-target.ee\/index.php?rest_route=\/wp\/v2\/users\/1"}],"replies":[{"embeddable":true,"href":"https:\/\/tactical-target.ee\/index.php?rest_route=%2Fwp%2Fv2%2Fcomments&post=438"}],"version-history":[{"count":18,"href":"https:\/\/tactical-target.ee\/index.php?rest_route=\/wp\/v2\/pages\/438\/revisions"}],"predecessor-version":[{"id":2196,"href":"https:\/\/tactical-target.ee\/index.php?rest_route=\/wp\/v2\/pages\/438\/revisions\/2196"}],"up":[{"embeddable":true,"href":"https:\/\/tactical-target.ee\/index.php?rest_route=\/wp\/v2\/pages\/325"}],"wp:attachment":[{"href":"https:\/\/tactical-target.ee\/index.php?rest_route=%2Fwp%2Fv2%2Fmedia&parent=438"}],"curies":[{"name":"wp","href":"https:\/\/api.w.org\/{rel}","templated":true}]}}