{"id":387,"date":"2018-11-22T09:51:01","date_gmt":"2018-11-22T09:51:01","guid":{"rendered":"https:\/\/tactical-target.ee\/?page_id=387"},"modified":"2019-07-08T10:41:44","modified_gmt":"2019-07-08T10:41:44","slug":"tactical-targeti-logod","status":"publish","type":"page","link":"https:\/\/tactical-target.ee\/?page_id=387","title":{"rendered":"Allalaadimiseks"},"content":{"rendered":"<h5>ALLALAADIMISEKS<\/h5>\n<p><a href=\"https:\/\/tactical-target.ee\/?wpdmpro=tactical-target-logo\">Tactical Target logo vapp<\/a><\/p>\n<p><a href=\"https:\/\/tactical-target.ee\/?wpdmpro=tactical-target-logo-2\">Tactical Target logo<\/a><\/p>\n<p><a href=\"https:\/\/tactical-target.ee\/?wpdmpro=markleht-classic-a4-2\">M\u00e4rkleht Classic A4<\/a><\/p>\n<p><a href=\"https:\/\/tactical-target.ee\/?wpdmpro=markleht_10_15_20_a4\">M\u00e4rkleht 4,5; 10; 15; 20 A4<\/a><\/p>\n<p><a href=\"https:\/\/tactical-target.ee\/?wpdmpro=markleht_15_a4\">M\u00e4rkleht must 15 A4<\/a><\/p>\n<p><a href=\"https:\/\/tactical-target.ee\/?wpdmpro=markleht_25_a4\">M\u00e4rkleht must 25 A4<\/a><\/p>\n<p><a href=\"https:\/\/tactical-target.ee\/?wpdmpro=markleht_40_a4\">M\u00e4rkleht must 40 A4<\/a><\/p>\n","protected":false},"excerpt":{"rendered":"<p>ALLALAADIMISEKS Tactical Target logo vapp Tactical Target logo M\u00e4rkleht Classic A4 M\u00e4rkleht 4,5; 10; 15; 20 A4 M\u00e4rkleht must 15 A4 M\u00e4rkleht must 25 A4 M\u00e4rkleht must 40 A4<\/p>\n","protected":false},"author":1,"featured_media":0,"parent":170,"menu_order":0,"comment_status":"closed","ping_status":"closed","template":"","meta":{"ngg_post_thumbnail":0,"footnotes":""},"class_list":["post-387","page","type-page","status-publish","hentry"],"_links":{"self":[{"href":"https:\/\/tactical-target.ee\/index.php?rest_route=\/wp\/v2\/pages\/387","targetHints":{"allow":["GET"]}}],"collection":[{"href":"https:\/\/tactical-target.ee\/index.php?rest_route=\/wp\/v2\/pages"}],"about":[{"href":"https:\/\/tactical-target.ee\/index.php?rest_route=\/wp\/v2\/types\/page"}],"author":[{"embeddable":true,"href":"https:\/\/tactical-target.ee\/index.php?rest_route=\/wp\/v2\/users\/1"}],"replies":[{"embeddable":true,"href":"https:\/\/tactical-target.ee\/index.php?rest_route=%2Fwp%2Fv2%2Fcomments&post=387"}],"version-history":[{"count":13,"href":"https:\/\/tactical-target.ee\/index.php?rest_route=\/wp\/v2\/pages\/387\/revisions"}],"predecessor-version":[{"id":664,"href":"https:\/\/tactical-target.ee\/index.php?rest_route=\/wp\/v2\/pages\/387\/revisions\/664"}],"up":[{"embeddable":true,"href":"https:\/\/tactical-target.ee\/index.php?rest_route=\/wp\/v2\/pages\/170"}],"wp:attachment":[{"href":"https:\/\/tactical-target.ee\/index.php?rest_route=%2Fwp%2Fv2%2Fmedia&parent=387"}],"curies":[{"name":"wp","href":"https:\/\/api.w.org\/{rel}","templated":true}]}}