{"id":383,"date":"2018-11-22T09:47:32","date_gmt":"2018-11-22T09:47:32","guid":{"rendered":"https:\/\/tactical-target.ee\/?page_id=383"},"modified":"2018-11-22T09:49:24","modified_gmt":"2018-11-22T09:49:24","slug":"oppematerjal","status":"publish","type":"page","link":"https:\/\/tactical-target.ee\/?page_id=383","title":{"rendered":"\u00d5ppematerjal"},"content":{"rendered":"<h5>\u00d5PPEMATERJAL<\/h5>\n<p>Kasulik lugemismaterjal optilise sihiku seadistamisest<\/p>\n<p><a href=\"http:\/\/www.szottesfold.co.uk\/2012\/03\/high-scope-and-canting-end-of-ancient.html\" target=\"_blank\" rel=\"noopener\">Sz\u0151ttesf\u00f6ld<\/a><\/p>\n<p><a href=\"http:\/\/www.fekete-moro.hu\/bfta-setup-manual\/index-en.php\" target=\"_blank\" rel=\"noopener\">BFTA Scope Setup<\/a><\/p>\n","protected":false},"excerpt":{"rendered":"<p>\u00d5PPEMATERJAL Kasulik lugemismaterjal optilise sihiku seadistamisest Sz\u0151ttesf\u00f6ld BFTA Scope Setup<\/p>\n","protected":false},"author":1,"featured_media":0,"parent":170,"menu_order":0,"comment_status":"closed","ping_status":"closed","template":"","meta":{"ngg_post_thumbnail":0,"footnotes":""},"class_list":["post-383","page","type-page","status-publish","hentry"],"_links":{"self":[{"href":"https:\/\/tactical-target.ee\/index.php?rest_route=\/wp\/v2\/pages\/383","targetHints":{"allow":["GET"]}}],"collection":[{"href":"https:\/\/tactical-target.ee\/index.php?rest_route=\/wp\/v2\/pages"}],"about":[{"href":"https:\/\/tactical-target.ee\/index.php?rest_route=\/wp\/v2\/types\/page"}],"author":[{"embeddable":true,"href":"https:\/\/tactical-target.ee\/index.php?rest_route=\/wp\/v2\/users\/1"}],"replies":[{"embeddable":true,"href":"https:\/\/tactical-target.ee\/index.php?rest_route=%2Fwp%2Fv2%2Fcomments&post=383"}],"version-history":[{"count":2,"href":"https:\/\/tactical-target.ee\/index.php?rest_route=\/wp\/v2\/pages\/383\/revisions"}],"predecessor-version":[{"id":386,"href":"https:\/\/tactical-target.ee\/index.php?rest_route=\/wp\/v2\/pages\/383\/revisions\/386"}],"up":[{"embeddable":true,"href":"https:\/\/tactical-target.ee\/index.php?rest_route=\/wp\/v2\/pages\/170"}],"wp:attachment":[{"href":"https:\/\/tactical-target.ee\/index.php?rest_route=%2Fwp%2Fv2%2Fmedia&parent=383"}],"curies":[{"name":"wp","href":"https:\/\/api.w.org\/{rel}","templated":true}]}}