{"id":325,"date":"2018-11-20T18:11:32","date_gmt":"2018-11-20T18:11:32","guid":{"rendered":"http:\/\/tactical-target.nsupdate.info\/?page_id=325"},"modified":"2018-11-22T13:08:10","modified_gmt":"2018-11-22T13:08:10","slug":"uritused","status":"publish","type":"page","link":"https:\/\/tactical-target.ee\/?page_id=325","title":{"rendered":"\u00dcritused"},"content":{"rendered":"<h5><strong>Kokkusaamised<\/strong><\/h5>\n<p><img loading=\"lazy\" decoding=\"async\" class=\"alignnone wp-image-348 size-full\" src=\"http:\/\/tactical-target.nsupdate.info\/wp-content\/uploads\/2018\/11\/ballistika_150918.jpg\" alt=\"\" width=\"944\" height=\"531\" srcset=\"https:\/\/tactical-target.ee\/wp-content\/uploads\/2018\/11\/ballistika_150918.jpg 944w, https:\/\/tactical-target.ee\/wp-content\/uploads\/2018\/11\/ballistika_150918-300x169.jpg 300w, https:\/\/tactical-target.ee\/wp-content\/uploads\/2018\/11\/ballistika_150918-768x432.jpg 768w\" sizes=\"auto, (max-width: 709px) 85vw, (max-width: 909px) 67vw, (max-width: 1362px) 62vw, 840px\" \/><\/p>\n<p>15. septembril toimus \u201eBallistika koolitus\u201d. Koolitusest v\u00f5tsid osa k\u00f5ik TT laskurid. T\u00f5nise <em>ca<\/em> kahetunnine loeng sisaldas vajalikku infot, et ikka paremini \u00f5ppida tundma oma relva ja selle laskeomadusi. Oma kogemusi Field Targeti laskespordist jagas ka meie k\u00fclaline Heli Jalakas. Peale teooriat sai omandatud teadmisi Zero Range rajal kohe proovida. Valik pilte toredast laup\u00e4evast \ud83d\ude42<\/p>\nngg_shortcode_0_placeholder\n<h4><!--nextpage--><\/h4>\n<h5><strong>V\u00f5istlused<\/strong><\/h5>\n<p>Tactical Targeti esimene v\u00f5istlus toimus 29. septembril 2018. V\u00f5istlustest v\u00f5tsid osa peaaegu k\u00f5ik hetkel tegutsevad TT laskurid. Septembrikuu vihmaste ja tormiste ilmade vahel oli v\u00f5istlusp\u00e4ev justkui lotov\u00f5it. P\u00e4ike paistis, tuult praktiliselt polnud. Hommikul olid rajad pisut h\u00e4rmas, sest \u00f6\u00f6sel langes temperatuur pisut alla nulli.<\/p>\n<p>V\u00f5istlusklasse oli 2 &#8211; PCP- ja vedrurelvad. Meeste ja naiste eraldiarvestust veel ei toimunud. PCP klassis osales 5 v\u00f5istlejat ja sama palju oli ka vedrukaid. Millised siis olid v\u00f5istlusrelvad? Vedrurelvadest oli radadel esindatud \u00fclekaalukalt ehk ainsana Weihrauch toodang &#8211; HW97K, HW50 M\/II ja HW50S. PCP klassis oli valik natuke kirjum &#8211; FX Cyclone, FX Wildcat, FX Verminator MKII, FX Impact ja Daystate MK4.<\/p>\n<p>V\u00f5istlusradasid oli kokku 9 ja peale nende l\u00e4bimist tuli eri\u00fclesanne <em>Zero Range<\/em> rajal. Plaanisime v\u00f5istluse kestvuseks <em>ca<\/em> 3 tundi ning umbes nii see ka l\u00e4ks. V\u00e4hemalt autasustamine algas lubatud kellaajal \ud83d\ude42<\/p>\n<p>Tulemustest. Vedrurelvade esikolmik oli selline: III koht &#8211; Arti; II koht &#8211; Jana ja I koht &#8211; Lauri. PCP klass: III koht &#8211; Leho, II koht &#8211; Tiit ja I koht &#8211; T\u00f5nis.<\/p>\n<p><img loading=\"lazy\" decoding=\"async\" class=\"alignnone wp-image-458 size-large\" src=\"http:\/\/tactical-target.nsupdate.info\/wp-content\/uploads\/2018\/11\/42813457_2261794384052067_4756898321539268608_o-1024x682.jpg\" alt=\"\" width=\"840\" height=\"559\" srcset=\"https:\/\/tactical-target.ee\/wp-content\/uploads\/2018\/11\/42813457_2261794384052067_4756898321539268608_o-1024x682.jpg 1024w, https:\/\/tactical-target.ee\/wp-content\/uploads\/2018\/11\/42813457_2261794384052067_4756898321539268608_o-300x200.jpg 300w, https:\/\/tactical-target.ee\/wp-content\/uploads\/2018\/11\/42813457_2261794384052067_4756898321539268608_o-768x512.jpg 768w, https:\/\/tactical-target.ee\/wp-content\/uploads\/2018\/11\/42813457_2261794384052067_4756898321539268608_o-1200x800.jpg 1200w, https:\/\/tactical-target.ee\/wp-content\/uploads\/2018\/11\/42813457_2261794384052067_4756898321539268608_o.jpg 1688w\" sizes=\"auto, (max-width: 709px) 85vw, (max-width: 909px) 67vw, (max-width: 1362px) 62vw, 840px\" \/><\/p>\n<p>J\u00e4rgmise v\u00f5istlusena on plaanis \u201eTactical Talv 2019\u201d.<\/p>\n","protected":false},"excerpt":{"rendered":"<p>Kokkusaamised 15. septembril toimus \u201eBallistika koolitus\u201d. Koolitusest v\u00f5tsid osa k\u00f5ik TT laskurid. T\u00f5nise ca kahetunnine loeng sisaldas vajalikku infot, et ikka paremini \u00f5ppida tundma oma relva ja selle laskeomadusi. Oma kogemusi Field Targeti laskespordist jagas ka meie k\u00fclaline Heli Jalakas. Peale teooriat sai omandatud teadmisi Zero Range rajal kohe proovida. Valik pilte toredast laup\u00e4evast \ud83d\ude42<\/p>\n","protected":false},"author":1,"featured_media":0,"parent":0,"menu_order":0,"comment_status":"closed","ping_status":"closed","template":"","meta":{"ngg_post_thumbnail":0,"footnotes":""},"class_list":["post-325","page","type-page","status-publish","hentry"],"_links":{"self":[{"href":"https:\/\/tactical-target.ee\/index.php?rest_route=\/wp\/v2\/pages\/325","targetHints":{"allow":["GET"]}}],"collection":[{"href":"https:\/\/tactical-target.ee\/index.php?rest_route=\/wp\/v2\/pages"}],"about":[{"href":"https:\/\/tactical-target.ee\/index.php?rest_route=\/wp\/v2\/types\/page"}],"author":[{"embeddable":true,"href":"https:\/\/tactical-target.ee\/index.php?rest_route=\/wp\/v2\/users\/1"}],"replies":[{"embeddable":true,"href":"https:\/\/tactical-target.ee\/index.php?rest_route=%2Fwp%2Fv2%2Fcomments&post=325"}],"version-history":[{"count":11,"href":"https:\/\/tactical-target.ee\/index.php?rest_route=\/wp\/v2\/pages\/325\/revisions"}],"predecessor-version":[{"id":475,"href":"https:\/\/tactical-target.ee\/index.php?rest_route=\/wp\/v2\/pages\/325\/revisions\/475"}],"wp:attachment":[{"href":"https:\/\/tactical-target.ee\/index.php?rest_route=%2Fwp%2Fv2%2Fmedia&parent=325"}],"curies":[{"name":"wp","href":"https:\/\/api.w.org\/{rel}","templated":true}]}}