{"id":170,"date":"2018-11-17T20:24:06","date_gmt":"2018-11-17T20:24:06","guid":{"rendered":"http:\/\/tactical-target.nsupdate.info\/?page_id=170"},"modified":"2021-12-09T13:57:21","modified_gmt":"2021-12-09T13:57:21","slug":"kasulik-info","status":"publish","type":"page","link":"https:\/\/tactical-target.ee\/?page_id=170","title":{"rendered":"Kasulik info"},"content":{"rendered":"<h5>POED<\/h5>\n<p>\u00d5hkrelvi m\u00fc\u00fcvad Eestis mitmed kauplused. Korralike \u00f5hkrelvi ja varustust saab osta siiski ainult \u00fchest kohast &#8211; Field-Targeti poest. Nemad teavad, mida nad m\u00fc\u00fcvad \ud83d\ude42<\/p>\n<p><a href=\"http:\/\/shop.field-target.ee\/\" target=\"_blank\" rel=\"noopener noreferrer\">Shop Field-Target<\/a><\/p>\n<p>\u00d5hkrelvaga laskmisel on t\u00e4htis diabooli valik. V\u00f5ib julgelt v\u00e4ita, et enamus alaga tegelejaid kasutab kvaliteetseid T\u0161ehhi Vabariigis toodetud <a href=\"http:\/\/www.schulzdiabolo.cz\/en\/\" target=\"_blank\" rel=\"noopener noreferrer\">JSB<\/a> tehase diaboole. Eestis m\u00fc\u00fcb JSB diaboole ikka Field Target Shop.<\/p>\n<p>Poodides leidub ka p\u00e4ris uskumatuid tooteid &#8211; Pantrid, Moskiitod, Kobrad ja muud loomad. Ei ole m\u00f5tet imestada, kui ahvatlevate ja hirmsate nimedega diaboolid m\u00e4rgist m\u00f6\u00f6da l\u00e4hevad \ud83d\ude42<\/p>\n<p>Euroopa Liidus tegutseb palju \u00f5hkrelvadega kauplevaid e-poode. Oluline on teada, et mitte igast riigist ei saa tellida k\u00f5ike mida tahaks. N\u00e4iteks UK seadused on pannud ranged piirid \u00f5hkrelvade ja optika m\u00fc\u00fcgile v\u00e4ljaspoole saareriiki. Olles samas Field Targeti s\u00fcnnimaa, on UK poodides saadaval paljusid alaspetsiifilisi tarvikuid.<\/p>\n<p><a href=\"http:\/\/www.rowanengineering.com\/\" target=\"_blank\" rel=\"noopener noreferrer\">Rowan Engineering<\/a><\/p>\n<p><a href=\"https:\/\/www.maestro-design.co.uk\/\" target=\"_blank\" rel=\"noopener noreferrer\">Maestro Design UK<\/a><\/p>\n<p><a href=\"https:\/\/sureshot-airguns.co.uk\/\" target=\"_blank\" rel=\"noopener noreferrer\">Sure Shot Airguns<\/a><\/p>\n<p><a href=\"https:\/\/www.rifle-maker.com\/\" target=\"_blank\" rel=\"noopener noreferrer\">Robert Nibbs Rifle Maker<\/a><\/p>\n<p>&nbsp;<\/p>\n<p>\u00dcle 100 aasta tegutsenud Hollandi pood &#8211; <a href=\"https:\/\/www.krale-schietsport.nl\/en\/\" target=\"_blank\" rel=\"noopener noreferrer\">Krale Schietsport<\/a><\/p>\n<p>V\u00e4ga korraliku teenindusega Portugali pood &#8211; <a href=\"https:\/\/www.mundilar.net\/en\/\" target=\"_blank\" rel=\"noopener noreferrer\">Mundilar Airguns<\/a><\/p>\n<p>&nbsp;<\/p>\n<p>Optikale spetsialiseerunud poed<\/p>\n<p><a href=\"https:\/\/optics-world.nl\/home\/1\" target=\"_blank\" rel=\"noopener noreferrer\">Optics World<\/a><\/p>\n<p><a href=\"https:\/\/www.optics-trade.eu\/\" target=\"_blank\" rel=\"noopener noreferrer\">Optics Trade<\/a><\/p>\n<p>&nbsp;<\/p>\n<p>Ilmainfo<\/p>\n<p><a href=\"https:\/\/www.wunderground.com\/dashboard\/pws\/ISUURU4\" target=\"_blank\" rel=\"noopener noreferrer\">Ilm Suurupis<\/a><\/p>\n<p><a href=\"http:\/\/ilm.linnulennult.com\/indexDesktop.php\">Ilm Mustam\u00e4el<\/a><\/p>\n<p>&nbsp;<\/p>\n<p>&nbsp;<\/p>\n<h5><!--nextpage--><br \/>\n\u00d5PPEMATERJAL<\/h5>\n<p>Kasulik lugemismaterjal optilise sihiku seadistamisest<\/p>\n<p><a href=\"http:\/\/www.szottesfold.co.uk\/2012\/03\/high-scope-and-canting-end-of-ancient.html\" target=\"_blank\" rel=\"noopener noreferrer\">Sz\u0151ttesf\u00f6ld<\/a><\/p>\n<p><a href=\"http:\/\/www.fekete-moro.hu\/bfta-setup-manual\/index-en.php\" target=\"_blank\" rel=\"noopener noreferrer\">BFTA Scope Setup<\/a><\/p>\n<p>Hawke ballistika kalkulaator &#8211; <a href=\"https:\/\/uk.hawkeoptics.com\/chairgun.html\" target=\"_blank\" rel=\"noopener noreferrer\">Hawke UK<\/a><\/p>\n<h5><!--nextpage-->ALLALAADIMISEKS<\/h5>\n<p><a href=\"http:\/\/tactical-target.nsupdate.info\/?wpdmpro=tactical-target-logo\">Tactical Target logo vapp<\/a><\/p>\n<p><a href=\"http:\/\/tactical-target.nsupdate.info\/?wpdmpro=tactical-target-logo-2\">Tactical Target logo<\/a><\/p>\n<p><a href=\"http:\/\/tactical-target.nsupdate.info\/?wpdmpro=markleht-classic-a4-2\">M\u00e4rkleht Classic A4<\/a><\/p>\n<p><a href=\"http:\/\/tactical-target.nsupdate.info\/?wpdmpro=markleht-classic-a4\">M\u00e4rkleht Optikatest<\/a><\/p>\n<p><a href=\"http:\/\/tactical-target.nsupdate.info\/?wpdmpro=markleht_10_15_20_a4\">M\u00e4rkleht 4,5; 10; 15; 20 A4<\/a><\/p>\n<p><a href=\"http:\/\/tactical-target.nsupdate.info\/?wpdmpro=markleht_15_a4\">M\u00e4rkleht must 15 A4<\/a><\/p>\n<p><a href=\"http:\/\/tactical-target.nsupdate.info\/?wpdmpro=markleht_25_a4\">M\u00e4rkleht must 25 A4<\/a><\/p>\n<p><a href=\"http:\/\/tactical-target.nsupdate.info\/?wpdmpro=markleht_40_a4\">M\u00e4rkleht must 40 A4<\/a><\/p>\n","protected":false},"excerpt":{"rendered":"<p>POED \u00d5hkrelvi m\u00fc\u00fcvad Eestis mitmed kauplused. Korralike \u00f5hkrelvi ja varustust saab osta siiski ainult \u00fchest kohast &#8211; Field-Targeti poest. Nemad teavad, mida nad m\u00fc\u00fcvad \ud83d\ude42 Shop Field-Target \u00d5hkrelvaga laskmisel on t\u00e4htis diabooli valik. V\u00f5ib julgelt v\u00e4ita, et enamus alaga tegelejaid kasutab kvaliteetseid T\u0161ehhi Vabariigis toodetud JSB tehase diaboole. Eestis m\u00fc\u00fcb JSB diaboole ikka Field Target &hellip; <a href=\"https:\/\/tactical-target.ee\/?page_id=170\" class=\"more-link\">Continue reading<span class=\"screen-reader-text\"> &#8220;Kasulik info&#8221;<\/span><\/a><\/p>\n","protected":false},"author":1,"featured_media":0,"parent":0,"menu_order":0,"comment_status":"closed","ping_status":"closed","template":"","meta":{"ngg_post_thumbnail":0,"footnotes":""},"class_list":["post-170","page","type-page","status-publish","hentry"],"_links":{"self":[{"href":"https:\/\/tactical-target.ee\/index.php?rest_route=\/wp\/v2\/pages\/170","targetHints":{"allow":["GET"]}}],"collection":[{"href":"https:\/\/tactical-target.ee\/index.php?rest_route=\/wp\/v2\/pages"}],"about":[{"href":"https:\/\/tactical-target.ee\/index.php?rest_route=\/wp\/v2\/types\/page"}],"author":[{"embeddable":true,"href":"https:\/\/tactical-target.ee\/index.php?rest_route=\/wp\/v2\/users\/1"}],"replies":[{"embeddable":true,"href":"https:\/\/tactical-target.ee\/index.php?rest_route=%2Fwp%2Fv2%2Fcomments&post=170"}],"version-history":[{"count":19,"href":"https:\/\/tactical-target.ee\/index.php?rest_route=\/wp\/v2\/pages\/170\/revisions"}],"predecessor-version":[{"id":1721,"href":"https:\/\/tactical-target.ee\/index.php?rest_route=\/wp\/v2\/pages\/170\/revisions\/1721"}],"wp:attachment":[{"href":"https:\/\/tactical-target.ee\/index.php?rest_route=%2Fwp%2Fv2%2Fmedia&parent=170"}],"curies":[{"name":"wp","href":"https:\/\/api.w.org\/{rel}","templated":true}]}}