{"id":169,"date":"2018-11-17T20:24:06","date_gmt":"2018-11-17T20:24:06","guid":{"rendered":"http:\/\/tactical-target.nsupdate.info\/?page_id=169"},"modified":"2019-10-06T14:54:46","modified_gmt":"2019-10-06T14:54:46","slug":"galerii","status":"publish","type":"page","link":"https:\/\/tactical-target.ee\/?page_id=169","title":{"rendered":"Galerii"},"content":{"rendered":"<h4 style=\"text-align: center;\"><strong>Fotod 2018<\/strong><\/h4>\n<p style=\"text-align: center;\">Esimesed rajad on laskmiseks valmis, veebruar \u20135\u00b0C, tuuletu.<\/p>\nngg_shortcode_0_placeholder\n<p style=\"text-align: center;\">Hiiumaal toimus v\u00f5istlus \u201ePartsi Part 2018\u201d<\/p>\nngg_shortcode_1_placeholder\n<p style=\"text-align: center;\">Pildid S\u00fcgisv\u00f5istlusest 2018<\/p>\nngg_shortcode_2_placeholder\n<h4 style=\"text-align: center;\"><strong>Videod 2017<\/strong><\/h4>\n<p style=\"text-align: center;\">&nbsp;<\/p>\n<p style=\"text-align: center;\"><figure class=\"wp-block-embed wp-block-embed-youtube is-type-video is-provider-youtube epyt-figure\"><div class=\"wp-block-embed__wrapper\"><iframe loading=\"lazy\"  id=\"_ytid_39037\"  width=\"840\" height=\"473\"  data-origwidth=\"840\" data-origheight=\"473\" src=\"https:\/\/www.youtube.com\/embed\/23rJqgKGptI?enablejsapi=1&autoplay=0&cc_load_policy=0&cc_lang_pref=&iv_load_policy=1&loop=0&modestbranding=0&rel=1&fs=1&playsinline=0&autohide=2&theme=dark&color=red&controls=1&\" class=\"__youtube_prefs__  no-lazyload\" title=\"YouTube player\"  allow=\"fullscreen; accelerometer; autoplay; clipboard-write; encrypted-media; gyroscope; picture-in-picture\" allowfullscreen data-no-lazy=\"1\" data-skipgform_ajax_framebjll=\"\"><\/iframe><\/div><\/figure><\/p>\n<p style=\"text-align: center;\">FX Verminator MKII &#8211; grilltikkude laskmine 10 jardi kauguselt.<\/p>\n<p style=\"text-align: center;\">&nbsp;<\/p>\n<p style=\"text-align: center;\"><figure class=\"wp-block-embed wp-block-embed-youtube is-type-video is-provider-youtube epyt-figure\"><div class=\"wp-block-embed__wrapper\"><iframe loading=\"lazy\"  id=\"_ytid_15043\"  width=\"840\" height=\"473\"  data-origwidth=\"840\" data-origheight=\"473\" src=\"https:\/\/www.youtube.com\/embed\/MSthnG5qL_0?enablejsapi=1&autoplay=0&cc_load_policy=0&cc_lang_pref=&iv_load_policy=1&loop=0&modestbranding=0&rel=1&fs=1&playsinline=0&autohide=2&theme=dark&color=red&controls=1&\" class=\"__youtube_prefs__  no-lazyload\" title=\"YouTube player\"  allow=\"fullscreen; accelerometer; autoplay; clipboard-write; encrypted-media; gyroscope; picture-in-picture\" allowfullscreen data-no-lazy=\"1\" data-skipgform_ajax_framebjll=\"\"><\/iframe><\/div><\/figure><\/p>\n<p style=\"text-align: center;\">FX Verminator MKII. Kuidas kustuda k\u00fc\u00fcnlaleek nii, et diabool ei taba k\u00fc\u00fcnalt ega tahti?<\/p>\n<p>&nbsp;<\/p>\n<h5 style=\"text-align: center;\">VIDEOD 2018<\/h5>\n<p style=\"text-align: center;\"><figure class=\"wp-block-embed wp-block-embed-youtube is-type-video is-provider-youtube epyt-figure\"><div class=\"wp-block-embed__wrapper\"><iframe loading=\"lazy\"  id=\"_ytid_81267\"  width=\"840\" height=\"473\"  data-origwidth=\"840\" data-origheight=\"473\" src=\"https:\/\/www.youtube.com\/embed\/rUDW4BTpv5k?enablejsapi=1&autoplay=0&cc_load_policy=0&cc_lang_pref=&iv_load_policy=1&loop=0&modestbranding=0&rel=1&fs=1&playsinline=0&autohide=2&theme=dark&color=red&controls=1&\" class=\"__youtube_prefs__  no-lazyload\" title=\"YouTube player\"  allow=\"fullscreen; accelerometer; autoplay; clipboard-write; encrypted-media; gyroscope; picture-in-picture\" allowfullscreen data-no-lazy=\"1\" data-skipgform_ajax_framebjll=\"\"><\/iframe><\/div><\/figure><\/p>\n<p style=\"text-align: center;\">Zero Range &#8211; katus.<\/p>\n<p>&nbsp;<\/p>\n<p style=\"text-align: center;\"><figure class=\"wp-block-embed wp-block-embed-youtube is-type-video is-provider-youtube epyt-figure\"><div class=\"wp-block-embed__wrapper\"><iframe loading=\"lazy\"  id=\"_ytid_59219\"  width=\"840\" height=\"473\"  data-origwidth=\"840\" data-origheight=\"473\" src=\"https:\/\/www.youtube.com\/embed\/zHjjXn-gJiA?enablejsapi=1&autoplay=0&cc_load_policy=0&cc_lang_pref=&iv_load_policy=1&loop=0&modestbranding=0&rel=1&fs=1&playsinline=0&autohide=2&theme=dark&color=red&controls=1&\" class=\"__youtube_prefs__  no-lazyload\" title=\"YouTube player\"  allow=\"fullscreen; accelerometer; autoplay; clipboard-write; encrypted-media; gyroscope; picture-in-picture\" allowfullscreen data-no-lazy=\"1\" data-skipgform_ajax_framebjll=\"\"><\/iframe><\/div><\/figure><\/p>\n<p style=\"text-align: center;\">Zero Range &#8211; laud.<\/p>\n<p>&nbsp;<\/p>\n<p style=\"text-align: center;\"><figure class=\"wp-block-embed wp-block-embed-youtube is-type-video is-provider-youtube epyt-figure\"><div class=\"wp-block-embed__wrapper\"><iframe loading=\"lazy\"  id=\"_ytid_16730\"  width=\"840\" height=\"473\"  data-origwidth=\"840\" data-origheight=\"473\" src=\"https:\/\/www.youtube.com\/embed\/SFQHpxpToHU?enablejsapi=1&autoplay=0&cc_load_policy=0&cc_lang_pref=&iv_load_policy=1&loop=0&modestbranding=0&rel=1&fs=1&playsinline=0&autohide=2&theme=dark&color=red&controls=1&\" class=\"__youtube_prefs__  no-lazyload\" title=\"YouTube player\"  allow=\"fullscreen; accelerometer; autoplay; clipboard-write; encrypted-media; gyroscope; picture-in-picture\" allowfullscreen data-no-lazy=\"1\" data-skipgform_ajax_framebjll=\"\"><\/iframe><\/div><\/figure><\/p>\n<p style=\"text-align: center;\">Zero Range &#8211; 100 meetri raja turvasein.<\/p>\n<p>&nbsp;<\/p>\n<p style=\"text-align: center;\"><figure class=\"wp-block-embed wp-block-embed-youtube is-type-video is-provider-youtube epyt-figure\"><div class=\"wp-block-embed__wrapper\"><iframe loading=\"lazy\"  id=\"_ytid_74373\"  width=\"840\" height=\"473\"  data-origwidth=\"840\" data-origheight=\"473\" src=\"https:\/\/www.youtube.com\/embed\/X2UMOCX-SK4?enablejsapi=1&autoplay=0&cc_load_policy=0&cc_lang_pref=&iv_load_policy=1&loop=0&modestbranding=0&rel=1&fs=1&playsinline=0&autohide=2&theme=dark&color=red&controls=1&\" class=\"__youtube_prefs__  no-lazyload\" title=\"YouTube player\"  allow=\"fullscreen; accelerometer; autoplay; clipboard-write; encrypted-media; gyroscope; picture-in-picture\" allowfullscreen data-no-lazy=\"1\" data-skipgform_ajax_framebjll=\"\"><\/iframe><\/div><\/figure><\/p>\n<p style=\"text-align: center;\">S\u00fcgisv\u00f5istlus 2018. Tactical Targeti esimene ametlik v\u00f5istlus \ud83d\ude42<\/p>\n","protected":false},"excerpt":{"rendered":"<p>Fotod 2018 Esimesed rajad on laskmiseks valmis, veebruar \u20135\u00b0C, tuuletu. &nbsp; Hiiumaal toimus v\u00f5istlus \u201ePartsi Part 2018\u201d &nbsp; Pildid S\u00fcgisv\u00f5istlusest 2018 &nbsp; Videod 2017 &nbsp; FX Verminator MKII &#8211; grilltikkude laskmine 10 jardi kauguselt. &nbsp; FX Verminator MKII. Kuidas kustuda k\u00fc\u00fcnlaleek nii, et diabool ei taba k\u00fc\u00fcnalt ega tahti? &nbsp; VIDEOD 2018 Zero Range &#8211; &hellip; <a href=\"https:\/\/tactical-target.ee\/?page_id=169\" class=\"more-link\">Continue reading<span class=\"screen-reader-text\"> &#8220;Galerii&#8221;<\/span><\/a><\/p>\n","protected":false},"author":1,"featured_media":0,"parent":0,"menu_order":0,"comment_status":"closed","ping_status":"closed","template":"","meta":{"ngg_post_thumbnail":0,"footnotes":""},"class_list":["post-169","page","type-page","status-publish","hentry"],"_links":{"self":[{"href":"https:\/\/tactical-target.ee\/index.php?rest_route=\/wp\/v2\/pages\/169","targetHints":{"allow":["GET"]}}],"collection":[{"href":"https:\/\/tactical-target.ee\/index.php?rest_route=\/wp\/v2\/pages"}],"about":[{"href":"https:\/\/tactical-target.ee\/index.php?rest_route=\/wp\/v2\/types\/page"}],"author":[{"embeddable":true,"href":"https:\/\/tactical-target.ee\/index.php?rest_route=\/wp\/v2\/users\/1"}],"replies":[{"embeddable":true,"href":"https:\/\/tactical-target.ee\/index.php?rest_route=%2Fwp%2Fv2%2Fcomments&post=169"}],"version-history":[{"count":28,"href":"https:\/\/tactical-target.ee\/index.php?rest_route=\/wp\/v2\/pages\/169\/revisions"}],"predecessor-version":[{"id":722,"href":"https:\/\/tactical-target.ee\/index.php?rest_route=\/wp\/v2\/pages\/169\/revisions\/722"}],"wp:attachment":[{"href":"https:\/\/tactical-target.ee\/index.php?rest_route=%2Fwp%2Fv2%2Fmedia&parent=169"}],"curies":[{"name":"wp","href":"https:\/\/api.w.org\/{rel}","templated":true}]}}